{"id":295,"date":"2025-09-03T12:18:04","date_gmt":"2025-09-03T12:18:04","guid":{"rendered":"https:\/\/teatteritulikarpanen.fi\/?page_id=295"},"modified":"2025-11-13T08:07:42","modified_gmt":"2025-11-13T08:07:42","slug":"halloween","status":"publish","type":"page","link":"https:\/\/teatteritulikarpanen.fi\/?page_id=295","title":{"rendered":"Halloween"},"content":{"rendered":"\n<figure class=\"wp-block-image size-large\"><img loading=\"lazy\" decoding=\"async\" width=\"1024\" height=\"512\" src=\"https:\/\/teatteritulikarpanen.fi\/wp-content\/uploads\/2025\/10\/halloween-tapahtuma-banneri_s-1024x512.jpg\" alt=\"\" class=\"wp-image-336\" srcset=\"https:\/\/teatteritulikarpanen.fi\/wp-content\/uploads\/2025\/10\/halloween-tapahtuma-banneri_s-1024x512.jpg 1024w, https:\/\/teatteritulikarpanen.fi\/wp-content\/uploads\/2025\/10\/halloween-tapahtuma-banneri_s-300x150.jpg 300w, https:\/\/teatteritulikarpanen.fi\/wp-content\/uploads\/2025\/10\/halloween-tapahtuma-banneri_s-768x384.jpg 768w, https:\/\/teatteritulikarpanen.fi\/wp-content\/uploads\/2025\/10\/halloween-tapahtuma-banneri_s-1536x768.jpg 1536w, https:\/\/teatteritulikarpanen.fi\/wp-content\/uploads\/2025\/10\/halloween-tapahtuma-banneri_s.jpg 2000w\" sizes=\"auto, (max-width: 1024px) 100vw, 1024px\" \/><\/figure>\n\n\n\n<p class=\"has-accent-2-background-color has-background\"><strong>Perjantaina 24.10.2025 klo 18-23 <\/strong><\/p>\n\n\n\n<p class=\"has-accent-1-background-color has-background\">Nuorille ja aikuisille suunnattu Nostalginen Halloween tapahtuma Tukikohdalla.<br><br>Ohjelmassa luvassa pakopeli\u00e4, origami workshoppia ja muuta mukavaa tekemist\u00e4. Tapahtuman sis\u00e4\u00e4np\u00e4\u00e4sy on ilmainen. <br><br>Karmiva kummitus kahvio palvelee ja maksutapana k\u00e4y vain korttimaksu.  <\/p>\n\n\n\n<p class=\"has-accent-2-background-color has-background\"><strong>On Friday the 24th 2025 from 18:00 to 23:00 <\/strong><\/p>\n\n\n\n<p class=\"has-accent-1-background-color has-background\">Nostaligic Halloween event at Tukikohta. Minimun age 16 years  and the event is suitable for adults as well. Event is free!<br><br>Event includes:<br>* Origami workshop<br>* Open mic<br>* Costume contest<br>* Fishing<br>* Escape room<br><br>Spooky cafe will serve on the event (card payment only)!<br><\/p>\n\n\n\n<figure class=\"wp-block-image size-large\"><img loading=\"lazy\" decoding=\"async\" width=\"1024\" height=\"35\" src=\"https:\/\/teatteritulikarpanen.fi\/wp-content\/uploads\/2025\/07\/tulikarpanen_divider_color-1024x35.png\" alt=\"\" class=\"wp-image-121\" srcset=\"https:\/\/teatteritulikarpanen.fi\/wp-content\/uploads\/2025\/07\/tulikarpanen_divider_color-1024x35.png 1024w, https:\/\/teatteritulikarpanen.fi\/wp-content\/uploads\/2025\/07\/tulikarpanen_divider_color-300x10.png 300w, https:\/\/teatteritulikarpanen.fi\/wp-content\/uploads\/2025\/07\/tulikarpanen_divider_color-768x27.png 768w, https:\/\/teatteritulikarpanen.fi\/wp-content\/uploads\/2025\/07\/tulikarpanen_divider_color-1536x53.png 1536w, https:\/\/teatteritulikarpanen.fi\/wp-content\/uploads\/2025\/07\/tulikarpanen_divider_color-2048x71.png 2048w\" sizes=\"auto, (max-width: 1024px) 100vw, 1024px\" \/><\/figure>\n\n\n\n<figure class=\"wp-block-image size-large\"><img loading=\"lazy\" decoding=\"async\" width=\"1024\" height=\"512\" src=\"https:\/\/teatteritulikarpanen.fi\/wp-content\/uploads\/2025\/10\/koko-perheen-banneri_s-1024x512.jpg\" alt=\"\" class=\"wp-image-337\" srcset=\"https:\/\/teatteritulikarpanen.fi\/wp-content\/uploads\/2025\/10\/koko-perheen-banneri_s-1024x512.jpg 1024w, https:\/\/teatteritulikarpanen.fi\/wp-content\/uploads\/2025\/10\/koko-perheen-banneri_s-300x150.jpg 300w, https:\/\/teatteritulikarpanen.fi\/wp-content\/uploads\/2025\/10\/koko-perheen-banneri_s-768x384.jpg 768w, https:\/\/teatteritulikarpanen.fi\/wp-content\/uploads\/2025\/10\/koko-perheen-banneri_s-1536x768.jpg 1536w, https:\/\/teatteritulikarpanen.fi\/wp-content\/uploads\/2025\/10\/koko-perheen-banneri_s.jpg 2000w\" sizes=\"auto, (max-width: 1024px) 100vw, 1024px\" \/><\/figure>\n\n\n\n<p class=\"has-accent-2-background-color has-background\"><strong>Lauantaina 25.10.2025 klo 12-16<\/strong><\/p>\n\n\n\n<p class=\"has-accent-1-background-color has-background\">Koko perheelle suunnattu Halloween tapahtuma Tukikohdalla.<br><br>Ohjelmassa mm. pukukilpailua, kasvomaalausta, pakohuone peli\u00e4, bingoa ja ongintaa! Tulkaahan nauttimaan kivasta p\u00e4iv\u00e4st\u00e4 ja yhdess\u00e4 olosta!<br><br>Tapahtuma on ilmainen!<br><br>Karmaiseva kummitus kahvio palvelee tapahtuman ajan ja maksutapana k\u00e4y vain korttimaksu!<br><\/p>\n\n\n\n<p class=\"has-accent-2-background-color has-background\"><strong>On Saturday the 25th 2025 from 12:00 to 16:00<\/strong><\/p>\n\n\n\n<p class=\"has-accent-1-background-color has-background\">Halloween event at Tukikohta for the whole family. <br><br><em><strong>Event is free!<\/strong><\/em><br><br><mark style=\"background-color:rgba(0, 0, 0, 0)\" class=\"has-inline-color has-custom-sin-tumma-color\">Event includes:<\/mark><br>* Facepainting<br>* Bingo<br>* Costume contest<br>* Fishing<br>* Escape room<br><br>Spooky cafe will serve on the event (card payment only)!<br><br><\/p>\n","protected":false},"excerpt":{"rendered":"<p>Perjantaina 24.10.2025 klo 18-23 Nuorille ja aikuisille suunnattu Nostalginen Halloween tapahtuma Tukikohdalla. Ohjelmassa luvassa pakopeli\u00e4, origami workshoppia ja muuta mukavaa tekemist\u00e4. Tapahtuman sis\u00e4\u00e4np\u00e4\u00e4sy on ilmainen. Karmiva kummitus kahvio palvelee ja maksutapana k\u00e4y vain korttimaksu. On Friday the 24th 2025 from 18:00 to 23:00 Nostaligic Halloween event at Tukikohta. Minimun age 16 years and the event [&hellip;]<\/p>\n","protected":false},"author":1,"featured_media":0,"parent":0,"menu_order":1,"comment_status":"closed","ping_status":"closed","template":"","meta":{"footnotes":""},"class_list":["post-295","page","type-page","status-publish","hentry"],"_links":{"self":[{"href":"https:\/\/teatteritulikarpanen.fi\/index.php?rest_route=\/wp\/v2\/pages\/295","targetHints":{"allow":["GET"]}}],"collection":[{"href":"https:\/\/teatteritulikarpanen.fi\/index.php?rest_route=\/wp\/v2\/pages"}],"about":[{"href":"https:\/\/teatteritulikarpanen.fi\/index.php?rest_route=\/wp\/v2\/types\/page"}],"author":[{"embeddable":true,"href":"https:\/\/teatteritulikarpanen.fi\/index.php?rest_route=\/wp\/v2\/users\/1"}],"replies":[{"embeddable":true,"href":"https:\/\/teatteritulikarpanen.fi\/index.php?rest_route=%2Fwp%2Fv2%2Fcomments&post=295"}],"version-history":[{"count":13,"href":"https:\/\/teatteritulikarpanen.fi\/index.php?rest_route=\/wp\/v2\/pages\/295\/revisions"}],"predecessor-version":[{"id":340,"href":"https:\/\/teatteritulikarpanen.fi\/index.php?rest_route=\/wp\/v2\/pages\/295\/revisions\/340"}],"wp:attachment":[{"href":"https:\/\/teatteritulikarpanen.fi\/index.php?rest_route=%2Fwp%2Fv2%2Fmedia&parent=295"}],"curies":[{"name":"wp","href":"https:\/\/api.w.org\/{rel}","templated":true}]}}