{"id":237,"date":"2025-08-03T12:07:55","date_gmt":"2025-08-03T12:07:55","guid":{"rendered":"https:\/\/teatteritulikarpanen.fi\/?page_id=237"},"modified":"2025-08-30T08:41:38","modified_gmt":"2025-08-30T08:41:38","slug":"juttuja-meista","status":"publish","type":"page","link":"https:\/\/teatteritulikarpanen.fi\/?page_id=237","title":{"rendered":"Juttuja meist\u00e4"},"content":{"rendered":"\n<p class=\"has-medium-font-size\"><strong>Kaleva 29.8.2025 <\/strong><br><em>Arvio: Feel\u00adgood-teat\u00adte\u00adria ja kuk\u00adkais\u00adkiel\u00adt\u00e4 Hu\u00adpi\u00adsaa\u00adril\u00adla \u2013 Miten rakkaus pe\u00adlas\u00adte\u00adtaan pie\u00adnes\u00ads\u00e4 kuk\u00adka\u00adkau\u00adpas\u00adsa?<\/em><br><a href=\"https:\/\/www.kaleva.fi\/arvio-feelgood-teatteria-ja-kukkaiskielta-hupisaar\/11745270\" target=\"_blank\" rel=\"noreferrer noopener\">https:\/\/www.kaleva.fi\/arvio-feelgood-teatteria-ja-kukkaiskielta-hupisaar\/11745270<\/a><\/p>\n\n\n\n<p class=\"has-medium-font-size\"><strong>MunOulu 22.8.2025 <\/strong><br><em>Kukkakaupan ep\u00e4virallinen romanssi puhkeaa loistoonsa Hupisaarilla<\/em><br><a href=\"https:\/\/www.munoulu.fi\/kulttuuri\/kukkakaupan-epavirallinen-romanssi-puhkeaa-loistoonsa-hupisaarilla\/\" target=\"_blank\" rel=\"noreferrer noopener\">https:\/\/www.munoulu.fi\/kulttuuri\/kukkakaupan-epavirallinen-romanssi-puhkeaa-loistoonsa-hupisaarilla\/<\/a><\/p>\n\n\n\n<p class=\"has-medium-font-size\"><strong>Radio Mega 20.8.2025 <\/strong><br><em>Iida Kannelsuo the director of the Flowerstore was talking about the upcoming play <\/em><br><\/p>\n\n\n\n<p class=\"has-medium-font-size\"><strong>Kaleva 20.8.2025 <\/strong><br><em>Arvio: Tuomas Salon J\u00e4nis pit\u00e4\u00e4 vauhtia yll\u00e4 Hu\u00adpi\u00adsaar\u00adten sa\u00adtu\u00adma\u00adra\u00adto\u00adnis\u00adsa \u2013 Kolkko ke\u00ads\u00e4\u00adteat\u00adte\u00adri on saatu loih\u00addit\u00adtua v\u00e4\u00adrik\u00adk\u00e4\u00e4k\u00adsi tai\u00adka\u00admet\u00ads\u00e4k\u00adsi<\/em><br><a href=\"https:\/\/www.kaleva.fi\/arvio-tuomas-salon-janis-pitaa-vauhtia-ylla-hupisa\/11742253\" target=\"_blank\" rel=\"noreferrer noopener\">https:\/\/www.kaleva.fi\/arvio-tuomas-salon-janis-pitaa-vauhtia-ylla-hupisa\/11742253<\/a><\/p>\n\n\n\n<p class=\"has-medium-font-size\"><strong>Kaleva 29.7.2025 <\/strong><br><em>Uusi oululainen teatteri aloittaa satun\u00e4ytelm\u00e4ll\u00e4 \u2013 &#8221;Tuntuu, ett\u00e4 lastenkulttuurista leikataan koko ajan&#8221; <\/em><br> <a href=\"https:\/\/www.kaleva.fi\/uusi-oululainen-teatteri-aloittaa-satunaytelmalla\/11709531\" target=\"_blank\" rel=\"noreferrer noopener\">https:\/\/www.kaleva.fi\/uusi-oululainen-teatteri-aloittaa-satunaytelmalla\/11709531<\/a><\/p>\n\n\n\n<p class=\"has-medium-font-size\"><strong>MunOulu 15.4.2025<\/strong><br><em>Hupisaarilla n\u00e4hd\u00e4\u00e4n kes\u00e4ll\u00e4 englanninkielist\u00e4 kes\u00e4teatteria<\/em><br><a href=\"https:\/\/www.munoulu.fi\/kulttuuri\/hupisaarilla-nahdaan-kesalla-englanninkielista-kesateatteria\" target=\"_blank\" rel=\"noreferrer noopener\">https:\/\/www.munoulu.fi\/kulttuuri\/hupisaarilla-nahdaan-kesalla-englanninkielista-kesateatteria<\/a><\/p>\n","protected":false},"excerpt":{"rendered":"<p>Kaleva 29.8.2025 Arvio: Feel\u00adgood-teat\u00adte\u00adria ja kuk\u00adkais\u00adkiel\u00adt\u00e4 Hu\u00adpi\u00adsaa\u00adril\u00adla \u2013 Miten rakkaus pe\u00adlas\u00adte\u00adtaan pie\u00adnes\u00ads\u00e4 kuk\u00adka\u00adkau\u00adpas\u00adsa?https:\/\/www.kaleva.fi\/arvio-feelgood-teatteria-ja-kukkaiskielta-hupisaar\/11745270 MunOulu 22.8.2025 Kukkakaupan ep\u00e4virallinen romanssi puhkeaa loistoonsa Hupisaarillahttps:\/\/www.munoulu.fi\/kulttuuri\/kukkakaupan-epavirallinen-romanssi-puhkeaa-loistoonsa-hupisaarilla\/ Radio Mega 20.8.2025 Iida Kannelsuo the director of the Flowerstore was talking about the upcoming play Kaleva 20.8.2025 Arvio: Tuomas Salon J\u00e4nis pit\u00e4\u00e4 vauhtia yll\u00e4 Hu\u00adpi\u00adsaar\u00adten sa\u00adtu\u00adma\u00adra\u00adto\u00adnis\u00adsa \u2013 Kolkko ke\u00ads\u00e4\u00adteat\u00adte\u00adri on saatu loih\u00addit\u00adtua v\u00e4\u00adrik\u00adk\u00e4\u00e4k\u00adsi [&hellip;]<\/p>\n","protected":false},"author":1,"featured_media":238,"parent":0,"menu_order":0,"comment_status":"closed","ping_status":"closed","template":"","meta":{"footnotes":""},"class_list":["post-237","page","type-page","status-publish","has-post-thumbnail","hentry"],"_links":{"self":[{"href":"https:\/\/teatteritulikarpanen.fi\/index.php?rest_route=\/wp\/v2\/pages\/237","targetHints":{"allow":["GET"]}}],"collection":[{"href":"https:\/\/teatteritulikarpanen.fi\/index.php?rest_route=\/wp\/v2\/pages"}],"about":[{"href":"https:\/\/teatteritulikarpanen.fi\/index.php?rest_route=\/wp\/v2\/types\/page"}],"author":[{"embeddable":true,"href":"https:\/\/teatteritulikarpanen.fi\/index.php?rest_route=\/wp\/v2\/users\/1"}],"replies":[{"embeddable":true,"href":"https:\/\/teatteritulikarpanen.fi\/index.php?rest_route=%2Fwp%2Fv2%2Fcomments&post=237"}],"version-history":[{"count":6,"href":"https:\/\/teatteritulikarpanen.fi\/index.php?rest_route=\/wp\/v2\/pages\/237\/revisions"}],"predecessor-version":[{"id":292,"href":"https:\/\/teatteritulikarpanen.fi\/index.php?rest_route=\/wp\/v2\/pages\/237\/revisions\/292"}],"wp:featuredmedia":[{"embeddable":true,"href":"https:\/\/teatteritulikarpanen.fi\/index.php?rest_route=\/wp\/v2\/media\/238"}],"wp:attachment":[{"href":"https:\/\/teatteritulikarpanen.fi\/index.php?rest_route=%2Fwp%2Fv2%2Fmedia&parent=237"}],"curies":[{"name":"wp","href":"https:\/\/api.w.org\/{rel}","templated":true}]}}