{"id":223,"date":"2025-08-01T14:20:53","date_gmt":"2025-08-01T14:20:53","guid":{"rendered":"https:\/\/teatteritulikarpanen.fi\/?page_id=223"},"modified":"2025-08-30T09:06:09","modified_gmt":"2025-08-30T09:06:09","slug":"baskervillen-koira","status":"publish","type":"page","link":"https:\/\/teatteritulikarpanen.fi\/?page_id=223","title":{"rendered":"Murhamysteeri k\u00e4velykierroksella!"},"content":{"rendered":"\n<p>Sherlock Holmes on j\u00e4lleen uuden murhamysteerin \u00e4\u00e4rell\u00e4. Selvitt\u00e4v\u00e4tk\u00f6 h\u00e4n ja Watson Baskervillen koiran kirouksen vai onko kyseess\u00e4 sittenkin inhimillisempi syyllinen?<\/p>\n\n\n\n<p>K\u00e4velykierros sis\u00e4lt\u00e4\u00e4 Sherlock Holmesin hengess\u00e4 toteutettavaa improvisaatioteatteria, ja yleis\u00f6n kanssa vuorovaikuttamista. Etev\u00e4t etsiv\u00e4mme ohjaavat k\u00e4velyreitin kauniissa syksyisess\u00e4 Ainolan puistossa rastilta toiselle. Baskervillen koiran legendaarinen tarina her\u00e4\u00e4 eloon seitsem\u00e4ll\u00e4 tapahtumapaikalla&nbsp;kuunnellen silminn\u00e4kij\u00f6iden todistuksia.&nbsp;<\/p>\n\n\n\n<p><\/p>\n\n\n\n<div class=\"wp-block-media-text is-stacked-on-mobile\"><figure class=\"wp-block-media-text__media\"><img loading=\"lazy\" decoding=\"async\" width=\"1024\" height=\"1024\" src=\"https:\/\/teatteritulikarpanen.fi\/wp-content\/uploads\/2025\/08\/Baskerville_IG_n_OulunPaivat_01-1024x1024.jpg\" alt=\"\" class=\"wp-image-225 size-full\" srcset=\"https:\/\/teatteritulikarpanen.fi\/wp-content\/uploads\/2025\/08\/Baskerville_IG_n_OulunPaivat_01-1024x1024.jpg 1024w, https:\/\/teatteritulikarpanen.fi\/wp-content\/uploads\/2025\/08\/Baskerville_IG_n_OulunPaivat_01-300x300.jpg 300w, https:\/\/teatteritulikarpanen.fi\/wp-content\/uploads\/2025\/08\/Baskerville_IG_n_OulunPaivat_01-150x150.jpg 150w, https:\/\/teatteritulikarpanen.fi\/wp-content\/uploads\/2025\/08\/Baskerville_IG_n_OulunPaivat_01-768x768.jpg 768w, https:\/\/teatteritulikarpanen.fi\/wp-content\/uploads\/2025\/08\/Baskerville_IG_n_OulunPaivat_01.jpg 1080w\" sizes=\"auto, (max-width: 1024px) 100vw, 1024px\" \/><\/figure><div class=\"wp-block-media-text__content\">\n<p>Watsonin johdolla katsojat voivat arvailla kuka on murhaaja. K\u00e4velykierros p\u00e4\u00e4ttyy eeppiseen takaa-ajoon Sherlockin ja murhaajan kesken! P\u00e4\u00e4sek\u00f6 h\u00e4n pakoon? Ja mik\u00e4 onkaan murhien taustalla oleva motiivi?&nbsp;<\/p>\n\n\n\n<p><\/p>\n<\/div><\/div>\n\n\n\n<p>Osallistuminen improon ja vuorovaikutukseen on vapaaehtoista eik\u00e4 siit\u00e4 pid\u00e4tt\u00e4ytyminen est\u00e4 osallistumista.<\/p>\n\n\n\n<p class=\"has-accent-1-background-color has-background\">Kesto kierrokselle on noin 55 minuuttia ja k\u00e4velt\u00e4v\u00e4 matka on noin 1.1km. Ensimm\u00e4inen k\u00e4velykierros l\u00e4htee <strong>kello 12:00<\/strong> <strong>patosillan ja hotelli Lasaretin v\u00e4liselt\u00e4 sillalta<\/strong>. S\u00e4\u00e4n mukaan k\u00e4velykierroksia on kaksi. Toinen K\u00e4velykierros l\u00e4htee <strong>kello 14:00<\/strong>.<\/p>\n\n\n\n<p>Tapahtuma on ilmainen ja on osa <a href=\"https:\/\/tapahtumat.munoulu.fi\/fi-FI\/page\/688bca02722aee0486b68cdd?count=24&amp;sort=creationDate&amp;reverse=true\" data-type=\"link\" data-id=\"https:\/\/tapahtumat.munoulu.fi\/fi-FI\/page\/688bca02722aee0486b68cdd?count=24&amp;sort=creationDate&amp;reverse=true\">Oulun P\u00e4ivi\u00e4<\/a>.<\/p>\n\n\n<style type=\"text\/css\">\n#foogallery-gallery-231 .fg-image { width: 150px; }\n#foogallery-gallery-231 { --fg-gutter: 10px; }<\/style>\n\t\t\t<div class=\"foogallery foogallery-container foogallery-default foogallery-lightbox-foogallery fg-center fg-default fg-ready fg-dark fg-border-thin fg-shadow-outline fg-loading-default fg-loaded-fade-in fg-caption-hover fg-hover-fade fg-hover-zoom\" id=\"foogallery-gallery-231\" data-foogallery=\"{&quot;item&quot;:{&quot;showCaptionTitle&quot;:true,&quot;showCaptionDescription&quot;:true},&quot;lazy&quot;:true}\" data-foogallery-lightbox=\"{&quot;thumbs&quot;:&quot;bottom&quot;,&quot;thumbsCaptions&quot;:false,&quot;thumbsBestFit&quot;:false,&quot;thumbsSmall&quot;:false,&quot;thumbsCaptionsAlign&quot;:&quot;default&quot;,&quot;info&quot;:&quot;bottom&quot;,&quot;infoVisible&quot;:true,&quot;infoOverlay&quot;:true,&quot;infoAlign&quot;:&quot;default&quot;,&quot;transition&quot;:&quot;fade&quot;,&quot;hoverButtons&quot;:false,&quot;fitMedia&quot;:false,&quot;noScrollbars&quot;:true,&quot;preserveButtonSpace&quot;:true,&quot;buttons&quot;:{&quot;fullscreen&quot;:true,&quot;info&quot;:true,&quot;thumbs&quot;:false},&quot;video&quot;:{&quot;autoPlay&quot;:true}}\" style=\"--fg-title-line-clamp: 0; --fg-description-line-clamp: 0;\" >\n\t<div class=\"fg-item fg-type-image fg-idle\"><figure class=\"fg-item-inner\"><a href=\"https:\/\/teatteritulikarpanen.fi\/wp-content\/uploads\/2025\/09\/Baskerville_ryhma_IGh.jpg\" data-attachment-id=\"321\" data-type=\"image\" class=\"fg-thumb\"><span class=\"fg-image-wrap\"><img decoding=\"async\" width=\"150\" height=\"150\" class=\"skip-lazy fg-image\" data-src-fg=\"https:\/\/teatteritulikarpanen.fi\/wp-content\/uploads\/cache\/2025\/09\/Baskerville_ryhma_IGh\/3927597358.jpg\" src=\"data:image\/svg+xml,%3Csvg%20xmlns%3D%22http%3A%2F%2Fwww.w3.org%2F2000%2Fsvg%22%20width%3D%22150%22%20height%3D%22150%22%20viewBox%3D%220%200%20150%20150%22%3E%3C%2Fsvg%3E\" loading=\"eager\"><\/span><span class=\"fg-image-overlay\"><\/span><\/a><\/figure><div class=\"fg-loader\"><\/div><\/div><div class=\"fg-item fg-type-image fg-idle\"><figure class=\"fg-item-inner\"><a href=\"https:\/\/teatteritulikarpanen.fi\/wp-content\/uploads\/2025\/09\/Baskerville_kierros_01_IGh.jpg\" data-attachment-id=\"316\" data-type=\"image\" class=\"fg-thumb\"><span class=\"fg-image-wrap\"><img decoding=\"async\" width=\"150\" height=\"150\" class=\"skip-lazy fg-image\" data-src-fg=\"https:\/\/teatteritulikarpanen.fi\/wp-content\/uploads\/cache\/2025\/09\/Baskerville_kierros_01_IGh\/462006704.jpg\" src=\"data:image\/svg+xml,%3Csvg%20xmlns%3D%22http%3A%2F%2Fwww.w3.org%2F2000%2Fsvg%22%20width%3D%22150%22%20height%3D%22150%22%20viewBox%3D%220%200%20150%20150%22%3E%3C%2Fsvg%3E\" loading=\"eager\"><\/span><span class=\"fg-image-overlay\"><\/span><\/a><\/figure><div class=\"fg-loader\"><\/div><\/div><div class=\"fg-item fg-type-image fg-idle\"><figure class=\"fg-item-inner\"><a href=\"https:\/\/teatteritulikarpanen.fi\/wp-content\/uploads\/2025\/08\/Baskerville_IG_n_logo_01.jpg\" data-attachment-id=\"224\" data-type=\"image\" class=\"fg-thumb\"><span class=\"fg-image-wrap\"><img decoding=\"async\" width=\"150\" height=\"150\" class=\"skip-lazy fg-image\" data-src-fg=\"https:\/\/teatteritulikarpanen.fi\/wp-content\/uploads\/cache\/2025\/08\/Baskerville_IG_n_logo_01\/725771687.jpg\" src=\"data:image\/svg+xml,%3Csvg%20xmlns%3D%22http%3A%2F%2Fwww.w3.org%2F2000%2Fsvg%22%20width%3D%22150%22%20height%3D%22150%22%20viewBox%3D%220%200%20150%20150%22%3E%3C%2Fsvg%3E\" loading=\"eager\"><\/span><span class=\"fg-image-overlay\"><\/span><\/a><\/figure><div class=\"fg-loader\"><\/div><\/div><div class=\"fg-item fg-type-image fg-idle\"><figure class=\"fg-item-inner\"><a href=\"https:\/\/teatteritulikarpanen.fi\/wp-content\/uploads\/2025\/09\/Baskerville_kierros_04_IGh.jpg\" data-attachment-id=\"319\" data-type=\"image\" class=\"fg-thumb\"><span class=\"fg-image-wrap\"><img decoding=\"async\" width=\"150\" height=\"150\" class=\"skip-lazy fg-image\" data-src-fg=\"https:\/\/teatteritulikarpanen.fi\/wp-content\/uploads\/cache\/2025\/09\/Baskerville_kierros_04_IGh\/3073649910.jpg\" src=\"data:image\/svg+xml,%3Csvg%20xmlns%3D%22http%3A%2F%2Fwww.w3.org%2F2000%2Fsvg%22%20width%3D%22150%22%20height%3D%22150%22%20viewBox%3D%220%200%20150%20150%22%3E%3C%2Fsvg%3E\" loading=\"eager\"><\/span><span class=\"fg-image-overlay\"><\/span><\/a><\/figure><div class=\"fg-loader\"><\/div><\/div><div class=\"fg-item fg-type-image fg-idle\"><figure class=\"fg-item-inner\"><a href=\"https:\/\/teatteritulikarpanen.fi\/wp-content\/uploads\/2025\/08\/Baskerville_IG_v_sherlock_01.jpg\" data-attachment-id=\"227\" data-type=\"image\" class=\"fg-thumb\"><span class=\"fg-image-wrap\"><img decoding=\"async\" width=\"150\" height=\"150\" class=\"skip-lazy fg-image\" data-src-fg=\"https:\/\/teatteritulikarpanen.fi\/wp-content\/uploads\/cache\/2025\/08\/Baskerville_IG_v_sherlock_01\/2131025647.jpg\" src=\"data:image\/svg+xml,%3Csvg%20xmlns%3D%22http%3A%2F%2Fwww.w3.org%2F2000%2Fsvg%22%20width%3D%22150%22%20height%3D%22150%22%20viewBox%3D%220%200%20150%20150%22%3E%3C%2Fsvg%3E\" loading=\"eager\"><\/span><span class=\"fg-image-overlay\"><\/span><\/a><\/figure><div class=\"fg-loader\"><\/div><\/div><div class=\"fg-item fg-type-image fg-idle\"><figure class=\"fg-item-inner\"><a href=\"https:\/\/teatteritulikarpanen.fi\/wp-content\/uploads\/2025\/09\/Baskerville_kierros_05_IGh.jpg\" data-attachment-id=\"320\" data-type=\"image\" class=\"fg-thumb\"><span class=\"fg-image-wrap\"><img decoding=\"async\" width=\"150\" height=\"150\" class=\"skip-lazy fg-image\" data-src-fg=\"https:\/\/teatteritulikarpanen.fi\/wp-content\/uploads\/cache\/2025\/09\/Baskerville_kierros_05_IGh\/1114293513.jpg\" src=\"data:image\/svg+xml,%3Csvg%20xmlns%3D%22http%3A%2F%2Fwww.w3.org%2F2000%2Fsvg%22%20width%3D%22150%22%20height%3D%22150%22%20viewBox%3D%220%200%20150%20150%22%3E%3C%2Fsvg%3E\" loading=\"eager\"><\/span><span class=\"fg-image-overlay\"><\/span><\/a><\/figure><div class=\"fg-loader\"><\/div><\/div><div class=\"fg-item fg-type-image fg-idle\"><figure class=\"fg-item-inner\"><a href=\"https:\/\/teatteritulikarpanen.fi\/wp-content\/uploads\/2025\/09\/Baskerville_kierros_03_IGh.jpg\" data-attachment-id=\"318\" data-type=\"image\" class=\"fg-thumb\"><span class=\"fg-image-wrap\"><img decoding=\"async\" width=\"150\" height=\"150\" class=\"skip-lazy fg-image\" data-src-fg=\"https:\/\/teatteritulikarpanen.fi\/wp-content\/uploads\/cache\/2025\/09\/Baskerville_kierros_03_IGh\/2877757494.jpg\" src=\"data:image\/svg+xml,%3Csvg%20xmlns%3D%22http%3A%2F%2Fwww.w3.org%2F2000%2Fsvg%22%20width%3D%22150%22%20height%3D%22150%22%20viewBox%3D%220%200%20150%20150%22%3E%3C%2Fsvg%3E\" loading=\"eager\"><\/span><span class=\"fg-image-overlay\"><\/span><\/a><\/figure><div class=\"fg-loader\"><\/div><\/div><div class=\"fg-item fg-type-image fg-idle\"><figure class=\"fg-item-inner\"><a href=\"https:\/\/teatteritulikarpanen.fi\/wp-content\/uploads\/2025\/08\/Baskerville_IG_v_watson_01.jpg\" data-attachment-id=\"228\" data-type=\"image\" class=\"fg-thumb\"><span class=\"fg-image-wrap\"><img decoding=\"async\" width=\"150\" height=\"150\" class=\"skip-lazy fg-image\" data-src-fg=\"https:\/\/teatteritulikarpanen.fi\/wp-content\/uploads\/cache\/2025\/08\/Baskerville_IG_v_watson_01\/3403492942.jpg\" src=\"data:image\/svg+xml,%3Csvg%20xmlns%3D%22http%3A%2F%2Fwww.w3.org%2F2000%2Fsvg%22%20width%3D%22150%22%20height%3D%22150%22%20viewBox%3D%220%200%20150%20150%22%3E%3C%2Fsvg%3E\" loading=\"eager\"><\/span><span class=\"fg-image-overlay\"><\/span><\/a><\/figure><div class=\"fg-loader\"><\/div><\/div><div class=\"fg-item fg-type-image fg-idle\"><figure class=\"fg-item-inner\"><a href=\"https:\/\/teatteritulikarpanen.fi\/wp-content\/uploads\/2025\/09\/Baskerville_kierros_02_IGh.jpg\" data-attachment-id=\"317\" data-type=\"image\" class=\"fg-thumb\"><span class=\"fg-image-wrap\"><img decoding=\"async\" width=\"150\" height=\"150\" class=\"skip-lazy fg-image\" data-src-fg=\"https:\/\/teatteritulikarpanen.fi\/wp-content\/uploads\/cache\/2025\/09\/Baskerville_kierros_02_IGh\/71083535.jpg\" src=\"data:image\/svg+xml,%3Csvg%20xmlns%3D%22http%3A%2F%2Fwww.w3.org%2F2000%2Fsvg%22%20width%3D%22150%22%20height%3D%22150%22%20viewBox%3D%220%200%20150%20150%22%3E%3C%2Fsvg%3E\" loading=\"eager\"><\/span><span class=\"fg-image-overlay\"><\/span><\/a><\/figure><div class=\"fg-loader\"><\/div><\/div><div class=\"fg-item fg-type-image fg-idle\"><figure class=\"fg-item-inner\"><a href=\"https:\/\/teatteritulikarpanen.fi\/wp-content\/uploads\/2025\/08\/Baskerville_IG_v_beryl_01.jpg\" data-attachment-id=\"226\" data-type=\"image\" class=\"fg-thumb\"><span class=\"fg-image-wrap\"><img decoding=\"async\" width=\"150\" height=\"150\" class=\"skip-lazy fg-image\" data-src-fg=\"https:\/\/teatteritulikarpanen.fi\/wp-content\/uploads\/cache\/2025\/08\/Baskerville_IG_v_beryl_01\/1801896163.jpg\" src=\"data:image\/svg+xml,%3Csvg%20xmlns%3D%22http%3A%2F%2Fwww.w3.org%2F2000%2Fsvg%22%20width%3D%22150%22%20height%3D%22150%22%20viewBox%3D%220%200%20150%20150%22%3E%3C%2Fsvg%3E\" loading=\"eager\"><\/span><span class=\"fg-image-overlay\"><\/span><\/a><\/figure><div class=\"fg-loader\"><\/div><\/div><\/div>\n","protected":false},"excerpt":{"rendered":"<p>Sherlock Holmes on j\u00e4lleen uuden murhamysteerin \u00e4\u00e4rell\u00e4. Selvitt\u00e4v\u00e4tk\u00f6 h\u00e4n ja Watson Baskervillen koiran kirouksen vai onko kyseess\u00e4 sittenkin inhimillisempi syyllinen? K\u00e4velykierros sis\u00e4lt\u00e4\u00e4 Sherlock Holmesin hengess\u00e4 toteutettavaa improvisaatioteatteria, ja yleis\u00f6n kanssa vuorovaikuttamista. Etev\u00e4t etsiv\u00e4mme ohjaavat k\u00e4velyreitin kauniissa syksyisess\u00e4 Ainolan puistossa rastilta toiselle. Baskervillen koiran legendaarinen tarina her\u00e4\u00e4 eloon seitsem\u00e4ll\u00e4 tapahtumapaikalla&nbsp;kuunnellen silminn\u00e4kij\u00f6iden todistuksia.&nbsp; Watsonin johdolla katsojat voivat [&hellip;]<\/p>\n","protected":false},"author":1,"featured_media":229,"parent":0,"menu_order":0,"comment_status":"closed","ping_status":"closed","template":"","meta":{"footnotes":""},"class_list":["post-223","page","type-page","status-publish","has-post-thumbnail","hentry"],"_links":{"self":[{"href":"https:\/\/teatteritulikarpanen.fi\/index.php?rest_route=\/wp\/v2\/pages\/223","targetHints":{"allow":["GET"]}}],"collection":[{"href":"https:\/\/teatteritulikarpanen.fi\/index.php?rest_route=\/wp\/v2\/pages"}],"about":[{"href":"https:\/\/teatteritulikarpanen.fi\/index.php?rest_route=\/wp\/v2\/types\/page"}],"author":[{"embeddable":true,"href":"https:\/\/teatteritulikarpanen.fi\/index.php?rest_route=\/wp\/v2\/users\/1"}],"replies":[{"embeddable":true,"href":"https:\/\/teatteritulikarpanen.fi\/index.php?rest_route=%2Fwp%2Fv2%2Fcomments&post=223"}],"version-history":[{"count":5,"href":"https:\/\/teatteritulikarpanen.fi\/index.php?rest_route=\/wp\/v2\/pages\/223\/revisions"}],"predecessor-version":[{"id":294,"href":"https:\/\/teatteritulikarpanen.fi\/index.php?rest_route=\/wp\/v2\/pages\/223\/revisions\/294"}],"wp:featuredmedia":[{"embeddable":true,"href":"https:\/\/teatteritulikarpanen.fi\/index.php?rest_route=\/wp\/v2\/media\/229"}],"wp:attachment":[{"href":"https:\/\/teatteritulikarpanen.fi\/index.php?rest_route=%2Fwp%2Fv2%2Fmedia&parent=223"}],"curies":[{"name":"wp","href":"https:\/\/api.w.org\/{rel}","templated":true}]}}