{"id":194,"date":"2025-07-22T13:21:57","date_gmt":"2025-07-22T13:21:57","guid":{"rendered":"https:\/\/teatteritulikarpanen.fi\/?page_id=194"},"modified":"2025-11-13T08:08:24","modified_gmt":"2025-11-13T08:08:24","slug":"tekijat","status":"publish","type":"page","link":"https:\/\/teatteritulikarpanen.fi\/?page_id=194","title":{"rendered":"Tekij\u00e4t"},"content":{"rendered":"\n<div class=\"wp-block-media-text is-stacked-on-mobile has-custom-kelt-vaalea-background-color has-background\"><figure class=\"wp-block-media-text__media\"><img loading=\"lazy\" decoding=\"async\" width=\"819\" height=\"1024\" src=\"https:\/\/teatteritulikarpanen.fi\/wp-content\/uploads\/2025\/07\/Julia_01-819x1024.jpg\" alt=\"\" class=\"wp-image-196 size-full\" srcset=\"https:\/\/teatteritulikarpanen.fi\/wp-content\/uploads\/2025\/07\/Julia_01-819x1024.jpg 819w, https:\/\/teatteritulikarpanen.fi\/wp-content\/uploads\/2025\/07\/Julia_01-240x300.jpg 240w, https:\/\/teatteritulikarpanen.fi\/wp-content\/uploads\/2025\/07\/Julia_01-768x960.jpg 768w, https:\/\/teatteritulikarpanen.fi\/wp-content\/uploads\/2025\/07\/Julia_01.jpg 1080w\" sizes=\"auto, (max-width: 819px) 100vw, 819px\" \/><\/figure><div class=\"wp-block-media-text__content\">\n<p class=\"has-medium-font-size\"><strong>Julia Latvala<\/strong><br><br>Ikuinen innostuja. Taivaanrannan maalari. P\u00e4\u00e4 pilviss\u00e4, jalat maassa. Feenikslintu. Kellokosken prinsessa. Sivuille ikuistaja. Maailmanmatkaaja. Lukutoukka. Improihminen. Aurinko Oinas, kuu Oinas, nouseva Rapu. ENFJ\/ENFP. Teatteri on intohimoni, el\u00e4m\u00e4ni ja kotini. Uskon vahvasti, ett\u00e4 &#8221;my vibe attracts my tribe&#8221;. En malta odottaa, mit\u00e4 tulevaisuus tuo tullessaan.<\/p>\n<\/div><\/div>\n\n\n\n<figure class=\"wp-block-image size-large\"><img loading=\"lazy\" decoding=\"async\" width=\"1024\" height=\"35\" src=\"https:\/\/teatteritulikarpanen.fi\/wp-content\/uploads\/2025\/07\/tulikarpanen_divider_color-1024x35.png\" alt=\"\" class=\"wp-image-121\" srcset=\"https:\/\/teatteritulikarpanen.fi\/wp-content\/uploads\/2025\/07\/tulikarpanen_divider_color-1024x35.png 1024w, https:\/\/teatteritulikarpanen.fi\/wp-content\/uploads\/2025\/07\/tulikarpanen_divider_color-300x10.png 300w, https:\/\/teatteritulikarpanen.fi\/wp-content\/uploads\/2025\/07\/tulikarpanen_divider_color-768x27.png 768w, https:\/\/teatteritulikarpanen.fi\/wp-content\/uploads\/2025\/07\/tulikarpanen_divider_color-1536x53.png 1536w, https:\/\/teatteritulikarpanen.fi\/wp-content\/uploads\/2025\/07\/tulikarpanen_divider_color-2048x71.png 2048w\" sizes=\"auto, (max-width: 1024px) 100vw, 1024px\" \/><\/figure>\n\n\n\n<div class=\"wp-block-media-text has-media-on-the-right is-stacked-on-mobile has-custom-kelt-vaalea-background-color has-background\"><div class=\"wp-block-media-text__content\">\n<p class=\"has-medium-font-size\"><strong>Maria Antola<\/strong><br><br>Taide on minulle tapa tutkia ihmisyytt\u00e4 ja el\u00e4m\u00e4\u00e4. Haluan tuoda teksteiss\u00e4ni esille el\u00e4m\u00e4n kipukohtia ja onnen helmi\u00e4. Tykk\u00e4\u00e4n sukeltaa syv\u00e4lle vaikeisiinkin aiheisiin ja nostaa pinnan alta t\u00e4rke\u00e4t viestit yl\u00f6s n\u00e4ytt\u00e4m\u00f6lle. Parhaat tarinat syntyv\u00e4t yhdess\u00e4 tekem\u00e4ll\u00e4. On kaunista, ett\u00e4 voimme luoda jotain, joka on suurempaa kuin yksik\u00e4\u00e4n meist\u00e4 erikseen.<\/p>\n<\/div><figure class=\"wp-block-media-text__media\"><img loading=\"lazy\" decoding=\"async\" width=\"819\" height=\"1024\" src=\"https:\/\/teatteritulikarpanen.fi\/wp-content\/uploads\/2025\/07\/Maria_01-819x1024.jpg\" alt=\"\" class=\"wp-image-205 size-full\" srcset=\"https:\/\/teatteritulikarpanen.fi\/wp-content\/uploads\/2025\/07\/Maria_01-819x1024.jpg 819w, https:\/\/teatteritulikarpanen.fi\/wp-content\/uploads\/2025\/07\/Maria_01-240x300.jpg 240w, https:\/\/teatteritulikarpanen.fi\/wp-content\/uploads\/2025\/07\/Maria_01-768x960.jpg 768w, https:\/\/teatteritulikarpanen.fi\/wp-content\/uploads\/2025\/07\/Maria_01.jpg 1080w\" sizes=\"auto, (max-width: 819px) 100vw, 819px\" \/><\/figure><\/div>\n\n\n\n<figure class=\"wp-block-image size-large\"><img loading=\"lazy\" decoding=\"async\" width=\"1024\" height=\"35\" src=\"https:\/\/teatteritulikarpanen.fi\/wp-content\/uploads\/2025\/07\/tulikarpanen_divider_color-1024x35.png\" alt=\"\" class=\"wp-image-121\" srcset=\"https:\/\/teatteritulikarpanen.fi\/wp-content\/uploads\/2025\/07\/tulikarpanen_divider_color-1024x35.png 1024w, https:\/\/teatteritulikarpanen.fi\/wp-content\/uploads\/2025\/07\/tulikarpanen_divider_color-300x10.png 300w, https:\/\/teatteritulikarpanen.fi\/wp-content\/uploads\/2025\/07\/tulikarpanen_divider_color-768x27.png 768w, https:\/\/teatteritulikarpanen.fi\/wp-content\/uploads\/2025\/07\/tulikarpanen_divider_color-1536x53.png 1536w, https:\/\/teatteritulikarpanen.fi\/wp-content\/uploads\/2025\/07\/tulikarpanen_divider_color-2048x71.png 2048w\" sizes=\"auto, (max-width: 1024px) 100vw, 1024px\" \/><\/figure>\n\n\n\n<div class=\"wp-block-media-text is-stacked-on-mobile has-custom-kelt-vaalea-background-color has-background has-medium-font-size\"><figure class=\"wp-block-media-text__media\"><img loading=\"lazy\" decoding=\"async\" width=\"819\" height=\"1024\" src=\"https:\/\/teatteritulikarpanen.fi\/wp-content\/uploads\/2025\/07\/Anna-Leena_01-819x1024.jpg\" alt=\"\" class=\"wp-image-204 size-full\" srcset=\"https:\/\/teatteritulikarpanen.fi\/wp-content\/uploads\/2025\/07\/Anna-Leena_01-819x1024.jpg 819w, https:\/\/teatteritulikarpanen.fi\/wp-content\/uploads\/2025\/07\/Anna-Leena_01-240x300.jpg 240w, https:\/\/teatteritulikarpanen.fi\/wp-content\/uploads\/2025\/07\/Anna-Leena_01-768x960.jpg 768w, https:\/\/teatteritulikarpanen.fi\/wp-content\/uploads\/2025\/07\/Anna-Leena_01.jpg 1080w\" sizes=\"auto, (max-width: 819px) 100vw, 819px\" \/><\/figure><div class=\"wp-block-media-text__content\">\n<p><strong>Anna-Leena Salmij\u00e4rvi<\/strong><br><br>Olen urbaani nomadi, jonka intohimona on n\u00e4ytteleminen ja tarinoiden kertominen. Tulkitsen tunteita liikkeen kautta ja missioni on avata uusia ovia teatterin ja teknologian v\u00e4lille. Pelaan paljon ja sukellankin kavereiden kanssa s\u00e4\u00e4nn\u00f6llisesti Kyberpunkin ja D&amp;D maailmoihin, kertomaan tarinoita pikkurikollisjoukon techien ja puolihaltiamunkin seikkailuista. Tartu siis k\u00e4teeni ja hypp\u00e4\u00e4 mukaan tarinoiden maailmaan!<\/p>\n<\/div><\/div>\n","protected":false},"excerpt":{"rendered":"<p>Julia Latvala Ikuinen innostuja. Taivaanrannan maalari. P\u00e4\u00e4 pilviss\u00e4, jalat maassa. Feenikslintu. Kellokosken prinsessa. Sivuille ikuistaja. Maailmanmatkaaja. Lukutoukka. Improihminen. Aurinko Oinas, kuu Oinas, nouseva Rapu. ENFJ\/ENFP. Teatteri on intohimoni, el\u00e4m\u00e4ni ja kotini. Uskon vahvasti, ett\u00e4 &#8221;my vibe attracts my tribe&#8221;. En malta odottaa, mit\u00e4 tulevaisuus tuo tullessaan. Maria Antola Taide on minulle tapa tutkia ihmisyytt\u00e4 ja [&hellip;]<\/p>\n","protected":false},"author":1,"featured_media":195,"parent":0,"menu_order":1,"comment_status":"closed","ping_status":"closed","template":"","meta":{"footnotes":""},"class_list":["post-194","page","type-page","status-publish","has-post-thumbnail","hentry"],"_links":{"self":[{"href":"https:\/\/teatteritulikarpanen.fi\/index.php?rest_route=\/wp\/v2\/pages\/194","targetHints":{"allow":["GET"]}}],"collection":[{"href":"https:\/\/teatteritulikarpanen.fi\/index.php?rest_route=\/wp\/v2\/pages"}],"about":[{"href":"https:\/\/teatteritulikarpanen.fi\/index.php?rest_route=\/wp\/v2\/types\/page"}],"author":[{"embeddable":true,"href":"https:\/\/teatteritulikarpanen.fi\/index.php?rest_route=\/wp\/v2\/users\/1"}],"replies":[{"embeddable":true,"href":"https:\/\/teatteritulikarpanen.fi\/index.php?rest_route=%2Fwp%2Fv2%2Fcomments&post=194"}],"version-history":[{"count":5,"href":"https:\/\/teatteritulikarpanen.fi\/index.php?rest_route=\/wp\/v2\/pages\/194\/revisions"}],"predecessor-version":[{"id":206,"href":"https:\/\/teatteritulikarpanen.fi\/index.php?rest_route=\/wp\/v2\/pages\/194\/revisions\/206"}],"wp:featuredmedia":[{"embeddable":true,"href":"https:\/\/teatteritulikarpanen.fi\/index.php?rest_route=\/wp\/v2\/media\/195"}],"wp:attachment":[{"href":"https:\/\/teatteritulikarpanen.fi\/index.php?rest_route=%2Fwp%2Fv2%2Fmedia&parent=194"}],"curies":[{"name":"wp","href":"https:\/\/api.w.org\/{rel}","templated":true}]}}