{"id":143,"date":"2025-07-13T11:35:05","date_gmt":"2025-07-13T11:35:05","guid":{"rendered":"https:\/\/teatteritulikarpanen.fi\/?page_id=143"},"modified":"2026-03-14T12:34:53","modified_gmt":"2026-03-14T12:34:53","slug":"medialle","status":"publish","type":"page","link":"https:\/\/teatteritulikarpanen.fi\/?page_id=143","title":{"rendered":"Medialle"},"content":{"rendered":"\n<p><strong><em>Teatteri Tulik\u00e4rp\u00e4nen ry<\/em><\/strong> on toukokuussa 2025 perustettu oululainen yhdistys, joka on syntynyt kolmen taiteilijan intohimosta kulttuuriin. Syd\u00e4memme sykkii teatterille, improvisaatiolle ja el\u00e4myksellisyydelle. Tulik\u00e4rp\u00e4sen ytimess\u00e4 on halu tehd\u00e4 taidetta, joka yhdist\u00e4\u00e4, ilahduttaa ja kutsuu osallistumaan.<\/p>\n\n\n\n<figure class=\"wp-block-image size-large\"><img loading=\"lazy\" decoding=\"async\" width=\"1024\" height=\"35\" src=\"https:\/\/teatteritulikarpanen.fi\/wp-content\/uploads\/2025\/07\/tulikarpanen_divider_color-1024x35.png\" alt=\"\" class=\"wp-image-121\" srcset=\"https:\/\/teatteritulikarpanen.fi\/wp-content\/uploads\/2025\/07\/tulikarpanen_divider_color-1024x35.png 1024w, https:\/\/teatteritulikarpanen.fi\/wp-content\/uploads\/2025\/07\/tulikarpanen_divider_color-300x10.png 300w, https:\/\/teatteritulikarpanen.fi\/wp-content\/uploads\/2025\/07\/tulikarpanen_divider_color-768x27.png 768w, https:\/\/teatteritulikarpanen.fi\/wp-content\/uploads\/2025\/07\/tulikarpanen_divider_color-1536x53.png 1536w, https:\/\/teatteritulikarpanen.fi\/wp-content\/uploads\/2025\/07\/tulikarpanen_divider_color-2048x71.png 2048w\" sizes=\"auto, (max-width: 1024px) 100vw, 1024px\" \/><\/figure>\n\n\n\n<h2 class=\"wp-block-heading has-text-align-center\">Lehdist\u00f6tiedotteet<\/h2>\n\n\n\n<div class=\"wp-block-buttons has-accent-1-background-color has-background is-horizontal is-content-justification-left is-layout-flex wp-container-core-buttons-is-layout-f18f24a2 wp-block-buttons-is-layout-flex\" style=\"padding-top:var(--wp--preset--spacing--20);padding-right:var(--wp--preset--spacing--30);padding-bottom:var(--wp--preset--spacing--20);padding-left:var(--wp--preset--spacing--30)\">\n<div class=\"wp-block-button\"><a class=\"wp-block-button__link wp-element-button\" href=\"https:\/\/www.flickr.com\/photos\/203138931@N05\/albums\/\" target=\"_blank\" rel=\"noreferrer noopener\">Mediapankki -&gt;<\/a><\/div>\n<\/div>\n\n\n\n<p class=\"has-text-align-left has-accent-1-background-color has-background has-medium-font-size\" style=\"margin-top:0;margin-right:var(--wp--preset--spacing--30);margin-bottom:0;margin-left:var(--wp--preset--spacing--30);padding-top:0;padding-right:0;padding-bottom:0;padding-left:0\">These photos are free to use by media in connection with articles about Teatteri Tulik\u00e4rp\u00e4nen or its plays.<br><br>Lehdist\u00f6 saa k\u00e4ytt\u00e4\u00e4 vapaasti kuvapankin kuvia tehdess\u00e4\u00e4n juttuja Teatteri Tulik\u00e4rp\u00e4sest\u00e4 tai sen n\u00e4ytelmist\u00e4.<br><\/p>\n\n\n\n<figure class=\"wp-block-image size-large\"><img loading=\"lazy\" decoding=\"async\" width=\"1024\" height=\"35\" src=\"https:\/\/teatteritulikarpanen.fi\/wp-content\/uploads\/2025\/07\/tulikarpanen_divider_color-1024x35.png\" alt=\"\" class=\"wp-image-121\" srcset=\"https:\/\/teatteritulikarpanen.fi\/wp-content\/uploads\/2025\/07\/tulikarpanen_divider_color-1024x35.png 1024w, https:\/\/teatteritulikarpanen.fi\/wp-content\/uploads\/2025\/07\/tulikarpanen_divider_color-300x10.png 300w, https:\/\/teatteritulikarpanen.fi\/wp-content\/uploads\/2025\/07\/tulikarpanen_divider_color-768x27.png 768w, https:\/\/teatteritulikarpanen.fi\/wp-content\/uploads\/2025\/07\/tulikarpanen_divider_color-1536x53.png 1536w, https:\/\/teatteritulikarpanen.fi\/wp-content\/uploads\/2025\/07\/tulikarpanen_divider_color-2048x71.png 2048w\" sizes=\"auto, (max-width: 1024px) 100vw, 1024px\" \/><\/figure>\n\n\n\n<h3 class=\"wp-block-heading has-text-align-center\">Vanhat lehdist\u00f6tiedotteet<\/h3>\n\n\n\n<div class=\"wp-block-file has-custom-kelt-vaalea-background-color has-background\" style=\"padding-top:var(--wp--preset--spacing--20);padding-right:var(--wp--preset--spacing--30);padding-bottom:var(--wp--preset--spacing--20);padding-left:var(--wp--preset--spacing--30)\"><a id=\"wp-block-file--media-1da56ee2-bdaf-4733-b5ed-02cc57bc1fb1\" href=\"https:\/\/teatteritulikarpanen.fi\/wp-content\/uploads\/2025\/07\/Lehdistotiedote_Taikametsa-1.pdf\">Lehdist\u00f6tiedote Taikamets\u00e4n tarinoita (PDF)<\/a><a href=\"https:\/\/teatteritulikarpanen.fi\/wp-content\/uploads\/2025\/07\/Lehdistotiedote_Taikametsa-1.pdf\" class=\"wp-block-file__button wp-element-button\" download aria-describedby=\"wp-block-file--media-1da56ee2-bdaf-4733-b5ed-02cc57bc1fb1\">Lataa<\/a><\/div>\n\n\n\n<div class=\"wp-block-file has-custom-kelt-vaalea-background-color has-background\" style=\"padding-top:var(--wp--preset--spacing--20);padding-right:var(--wp--preset--spacing--30);padding-bottom:var(--wp--preset--spacing--20);padding-left:var(--wp--preset--spacing--30)\"><a id=\"wp-block-file--media-a5349d6b-6fd9-4441-93db-6850e8f6a3f9\" href=\"https:\/\/teatteritulikarpanen.fi\/wp-content\/uploads\/2025\/07\/Lehdistotiedote_Flowerstore-1.pdf\" target=\"_blank\" rel=\"noreferrer noopener\">Press release  Flowerstore (PDF in English)<\/a><a href=\"https:\/\/teatteritulikarpanen.fi\/wp-content\/uploads\/2025\/07\/Lehdistotiedote_Flowerstore-1.pdf\" class=\"wp-block-file__button wp-element-button\" download aria-describedby=\"wp-block-file--media-a5349d6b-6fd9-4441-93db-6850e8f6a3f9\">Lataa<\/a><\/div>\n","protected":false},"excerpt":{"rendered":"<p>Teatteri Tulik\u00e4rp\u00e4nen ry on toukokuussa 2025 perustettu oululainen yhdistys, joka on syntynyt kolmen taiteilijan intohimosta kulttuuriin. Syd\u00e4memme sykkii teatterille, improvisaatiolle ja el\u00e4myksellisyydelle. Tulik\u00e4rp\u00e4sen ytimess\u00e4 on halu tehd\u00e4 taidetta, joka yhdist\u00e4\u00e4, ilahduttaa ja kutsuu osallistumaan. Lehdist\u00f6tiedotteet These photos are free to use by media in connection with articles about Teatteri Tulik\u00e4rp\u00e4nen or its plays. Lehdist\u00f6 saa [&hellip;]<\/p>\n","protected":false},"author":1,"featured_media":0,"parent":0,"menu_order":1,"comment_status":"closed","ping_status":"closed","template":"","meta":{"footnotes":""},"class_list":["post-143","page","type-page","status-publish","hentry"],"_links":{"self":[{"href":"https:\/\/teatteritulikarpanen.fi\/index.php?rest_route=\/wp\/v2\/pages\/143","targetHints":{"allow":["GET"]}}],"collection":[{"href":"https:\/\/teatteritulikarpanen.fi\/index.php?rest_route=\/wp\/v2\/pages"}],"about":[{"href":"https:\/\/teatteritulikarpanen.fi\/index.php?rest_route=\/wp\/v2\/types\/page"}],"author":[{"embeddable":true,"href":"https:\/\/teatteritulikarpanen.fi\/index.php?rest_route=\/wp\/v2\/users\/1"}],"replies":[{"embeddable":true,"href":"https:\/\/teatteritulikarpanen.fi\/index.php?rest_route=%2Fwp%2Fv2%2Fcomments&post=143"}],"version-history":[{"count":11,"href":"https:\/\/teatteritulikarpanen.fi\/index.php?rest_route=\/wp\/v2\/pages\/143\/revisions"}],"predecessor-version":[{"id":357,"href":"https:\/\/teatteritulikarpanen.fi\/index.php?rest_route=\/wp\/v2\/pages\/143\/revisions\/357"}],"wp:attachment":[{"href":"https:\/\/teatteritulikarpanen.fi\/index.php?rest_route=%2Fwp%2Fv2%2Fmedia&parent=143"}],"curies":[{"name":"wp","href":"https:\/\/api.w.org\/{rel}","templated":true}]}}